{"id":12840,"date":"2023-02-22T00:51:12","date_gmt":"2023-02-21T20:51:12","guid":{"rendered":"https:\/\/www.geocertification.org\/blog\/"},"modified":"2025-03-07T04:13:50","modified_gmt":"2025-03-07T00:13:50","slug":"blogue","status":"publish","type":"page","link":"https:\/\/www.geocertification.org\/fr\/blogue\/","title":{"rendered":"Blogue"},"content":{"rendered":"\t\t<div data-elementor-type=\"wp-page\" data-elementor-id=\"12840\" class=\"elementor elementor-12840 elementor-7601\">\n\t\t\t\t\t\t<section class=\"elementor-section elementor-top-section elementor-element elementor-element-5f76cc9 ot-traditional elementor-section-boxed elementor-section-height-default elementor-section-height-default\" data-id=\"5f76cc9\" data-element_type=\"section\" data-e-type=\"section\">\n\t\t\t\t\t\t<div class=\"elementor-container elementor-column-gap-default\">\n\t\t\t\t\t<div class=\"elementor-column elementor-col-100 elementor-top-column elementor-element elementor-element-773c93f ot-flex-column-vertical\" data-id=\"773c93f\" data-element_type=\"column\" data-e-type=\"column\">\n\t\t\t<div class=\"elementor-widget-wrap elementor-element-populated\">\n\t\t\t\t\t\t<div class=\"elementor-element elementor-element-33dcc80 elementor-widget elementor-widget-iheading\" data-id=\"33dcc80\" data-element_type=\"widget\" data-e-type=\"widget\" data-widget_type=\"iheading.default\">\n\t\t\t\t<div class=\"elementor-widget-container\">\n\t\t\t\t\t\t\t<div class=\"ot-heading\">\r\n\t        <h2 class=\"main-heading\">BLOGUE<\/h2>\t    <\/div>\r\n\t    \t\t\t\t<\/div>\n\t\t\t\t<\/div>\n\t\t\t\t<div class=\"elementor-element elementor-element-fe2b4be elementor-grid-eael-col-2 elementor-grid-tablet-eael-col-2 elementor-grid-mobile-eael-col-1 elementor-widget elementor-widget-eael-post-grid\" data-id=\"fe2b4be\" data-element_type=\"widget\" data-e-type=\"widget\" data-settings=\"{&quot;eael_post_grid_columns&quot;:&quot;eael-col-2&quot;,&quot;eael_post_grid_columns_tablet&quot;:&quot;eael-col-2&quot;,&quot;eael_post_grid_columns_mobile&quot;:&quot;eael-col-1&quot;}\" data-widget_type=\"eael-post-grid.default\">\n\t\t\t\t<div class=\"elementor-widget-container\">\n\t\t\t\t\t<div id=\"eael-post-grid-fe2b4be\" class=\"eael-post-grid-container\">\n            <div class=\"eael-post-grid eael-post-appender eael-post-appender-fe2b4be eael-post-grid-style-one\" data-layout-mode=\"grid\"><article class=\"eael-grid-post  eael-post-grid-column eael-pg-post-15172 category-certification-fr-normalisation\" data-id=\"15172\">\n        <div class=\"eael-grid-post-holder\">\n            <div class=\"eael-grid-post-holder-inner\"><div class=\"eael-entry-media\"><div class=\"eael-entry-overlay none\"><i class=\"\" aria-hidden=\"true\"><\/i><a href=\"https:\/\/www.geocertification.org\/fr\/pecb-signe-un-accord-de-partenariat-strategique-avec-lorganisation-georgienne-de-certification\/\"><\/a><\/div><div class=\"eael-entry-thumbnail \">\n                <img fetchpriority=\"high\" decoding=\"async\" width=\"1500\" height=\"900\" src=\"https:\/\/www.geocertification.org\/wp-content\/uploads\/2025\/07\/43660-1000x306-1.jpg\" class=\"attachment-full size-full wp-image-15170\" alt=\"\" srcset=\"https:\/\/www.geocertification.org\/wp-content\/uploads\/2025\/07\/43660-1000x306-1.jpg 1500w, https:\/\/www.geocertification.org\/wp-content\/uploads\/2025\/07\/43660-1000x306-1-300x180.jpg 300w, https:\/\/www.geocertification.org\/wp-content\/uploads\/2025\/07\/43660-1000x306-1-1024x614.jpg 1024w, https:\/\/www.geocertification.org\/wp-content\/uploads\/2025\/07\/43660-1000x306-1-768x461.jpg 768w, https:\/\/www.geocertification.org\/wp-content\/uploads\/2025\/07\/43660-1000x306-1-720x432.jpg 720w\" sizes=\"(max-width: 1500px) 100vw, 1500px\" \/>\n            <\/div>\n        <\/div><div class=\"eael-entry-wrapper\"><header class=\"eael-entry-header\"><h2 class=\"eael-entry-title\"><a class=\"eael-grid-post-link\" href=\"https:\/\/www.geocertification.org\/fr\/pecb-signe-un-accord-de-partenariat-strategique-avec-lorganisation-georgienne-de-certification\/\" title=\"PECB signe un accord de partenariat strat\u00e9gique avec l\u2019Organisation g\u00e9orgienne de certification\">PECB signe un accord de partenariat strat\u00e9gique avec l\u2019Organisation g\u00e9orgienne de certification<\/a><\/h2><\/header><\/div><\/div>\n        <\/div>\n    <\/article><article class=\"eael-grid-post  eael-post-grid-column eael-pg-post-12816 category-certification-fr\" data-id=\"12816\">\n        <div class=\"eael-grid-post-holder\">\n            <div class=\"eael-grid-post-holder-inner\"><div class=\"eael-entry-media\"><div class=\"eael-entry-overlay none\"><i class=\"\" aria-hidden=\"true\"><\/i><a href=\"https:\/\/www.geocertification.org\/fr\/quest-ce-que-la-certification\/\"><\/a><\/div><div class=\"eael-entry-thumbnail \">\n                <img decoding=\"async\" width=\"1500\" height=\"900\" src=\"https:\/\/www.geocertification.org\/wp-content\/uploads\/2023\/02\/Certification-2.jpg\" class=\"attachment-full size-full wp-image-12817\" alt=\"\" srcset=\"https:\/\/www.geocertification.org\/wp-content\/uploads\/2023\/02\/Certification-2.jpg 1500w, https:\/\/www.geocertification.org\/wp-content\/uploads\/2023\/02\/Certification-2-300x180.jpg 300w, https:\/\/www.geocertification.org\/wp-content\/uploads\/2023\/02\/Certification-2-1024x614.jpg 1024w, https:\/\/www.geocertification.org\/wp-content\/uploads\/2023\/02\/Certification-2-768x461.jpg 768w, https:\/\/www.geocertification.org\/wp-content\/uploads\/2023\/02\/Certification-2-720x432.jpg 720w\" sizes=\"(max-width: 1500px) 100vw, 1500px\" \/>\n            <\/div>\n        <\/div><div class=\"eael-entry-wrapper\"><header class=\"eael-entry-header\"><h2 class=\"eael-entry-title\"><a class=\"eael-grid-post-link\" href=\"https:\/\/www.geocertification.org\/fr\/quest-ce-que-la-certification\/\" title=\"Qu&#8217;est-ce que la certification ?\">Qu&#8217;est-ce que la certification ?<\/a><\/h2><\/header><\/div><\/div>\n        <\/div>\n    <\/article><article class=\"eael-grid-post  eael-post-grid-column eael-pg-post-12818 category-normalisation\" data-id=\"12818\">\n        <div class=\"eael-grid-post-holder\">\n            <div class=\"eael-grid-post-holder-inner\"><div class=\"eael-entry-media\"><div class=\"eael-entry-overlay none\"><i class=\"\" aria-hidden=\"true\"><\/i><a href=\"https:\/\/www.geocertification.org\/fr\/quest-ce-que-la-normalisation\/\"><\/a><\/div><div class=\"eael-entry-thumbnail \">\n                <img decoding=\"async\" width=\"1500\" height=\"900\" src=\"https:\/\/www.geocertification.org\/wp-content\/uploads\/2023\/02\/Standardization.jpg\" class=\"attachment-full size-full wp-image-12819\" alt=\"\" srcset=\"https:\/\/www.geocertification.org\/wp-content\/uploads\/2023\/02\/Standardization.jpg 1500w, https:\/\/www.geocertification.org\/wp-content\/uploads\/2023\/02\/Standardization-300x180.jpg 300w, https:\/\/www.geocertification.org\/wp-content\/uploads\/2023\/02\/Standardization-1024x614.jpg 1024w, https:\/\/www.geocertification.org\/wp-content\/uploads\/2023\/02\/Standardization-768x461.jpg 768w, https:\/\/www.geocertification.org\/wp-content\/uploads\/2023\/02\/Standardization-720x432.jpg 720w\" sizes=\"(max-width: 1500px) 100vw, 1500px\" \/>\n            <\/div>\n        <\/div><div class=\"eael-entry-wrapper\"><header class=\"eael-entry-header\"><h2 class=\"eael-entry-title\"><a class=\"eael-grid-post-link\" href=\"https:\/\/www.geocertification.org\/fr\/quest-ce-que-la-normalisation\/\" title=\"Qu&#8217;est-ce que la normalisation ?\">Qu&#8217;est-ce que la normalisation ?<\/a><\/h2><\/header><\/div><\/div>\n        <\/div>\n    <\/article><article class=\"eael-grid-post  eael-post-grid-column eael-pg-post-12820 category-certification-fr\" data-id=\"12820\">\n        <div class=\"eael-grid-post-holder\">\n            <div class=\"eael-grid-post-holder-inner\"><div class=\"eael-entry-media\"><div class=\"eael-entry-overlay none\"><i class=\"\" aria-hidden=\"true\"><\/i><a href=\"https:\/\/www.geocertification.org\/fr\/etiquetage-relative-aux-colorants-alimentaires\/\"><\/a><\/div><div class=\"eael-entry-thumbnail \">\n                <img loading=\"lazy\" decoding=\"async\" width=\"1500\" height=\"900\" src=\"https:\/\/www.geocertification.org\/wp-content\/uploads\/2023\/02\/Colorants.jpg\" class=\"attachment-full size-full wp-image-12821\" alt=\"\" srcset=\"https:\/\/www.geocertification.org\/wp-content\/uploads\/2023\/02\/Colorants.jpg 1500w, https:\/\/www.geocertification.org\/wp-content\/uploads\/2023\/02\/Colorants-300x180.jpg 300w, https:\/\/www.geocertification.org\/wp-content\/uploads\/2023\/02\/Colorants-1024x614.jpg 1024w, https:\/\/www.geocertification.org\/wp-content\/uploads\/2023\/02\/Colorants-768x461.jpg 768w, https:\/\/www.geocertification.org\/wp-content\/uploads\/2023\/02\/Colorants-720x432.jpg 720w\" sizes=\"(max-width: 1500px) 100vw, 1500px\" \/>\n            <\/div>\n        <\/div><div class=\"eael-entry-wrapper\"><header class=\"eael-entry-header\"><h2 class=\"eael-entry-title\"><a class=\"eael-grid-post-link\" href=\"https:\/\/www.geocertification.org\/fr\/etiquetage-relative-aux-colorants-alimentaires\/\" title=\"\u00c9tiquetage relative aux colorants alimentaires\">\u00c9tiquetage relative aux colorants alimentaires<\/a><\/h2><\/header><\/div><\/div>\n        <\/div>\n    <\/article><article class=\"eael-grid-post  eael-post-grid-column eael-pg-post-12822 category-certification-fr\" data-id=\"12822\">\n        <div class=\"eael-grid-post-holder\">\n            <div class=\"eael-grid-post-holder-inner\"><div class=\"eael-entry-media\"><div class=\"eael-entry-overlay none\"><i class=\"\" aria-hidden=\"true\"><\/i><a href=\"https:\/\/www.geocertification.org\/fr\/etiquetage-des-denrees-alimentaires\/\"><\/a><\/div><div class=\"eael-entry-thumbnail \">\n                <img loading=\"lazy\" decoding=\"async\" width=\"1500\" height=\"900\" src=\"https:\/\/www.geocertification.org\/wp-content\/uploads\/2023\/02\/Labelling-Georgian-1.jpg\" class=\"attachment-full size-full wp-image-12823\" alt=\"\" srcset=\"https:\/\/www.geocertification.org\/wp-content\/uploads\/2023\/02\/Labelling-Georgian-1.jpg 1500w, https:\/\/www.geocertification.org\/wp-content\/uploads\/2023\/02\/Labelling-Georgian-1-300x180.jpg 300w, https:\/\/www.geocertification.org\/wp-content\/uploads\/2023\/02\/Labelling-Georgian-1-1024x614.jpg 1024w, https:\/\/www.geocertification.org\/wp-content\/uploads\/2023\/02\/Labelling-Georgian-1-768x461.jpg 768w, https:\/\/www.geocertification.org\/wp-content\/uploads\/2023\/02\/Labelling-Georgian-1-720x432.jpg 720w\" sizes=\"(max-width: 1500px) 100vw, 1500px\" \/>\n            <\/div>\n        <\/div><div class=\"eael-entry-wrapper\"><header class=\"eael-entry-header\"><h2 class=\"eael-entry-title\"><a class=\"eael-grid-post-link\" href=\"https:\/\/www.geocertification.org\/fr\/etiquetage-des-denrees-alimentaires\/\" title=\"\u00c9tiquetage des denr\u00e9es alimentaires\">\u00c9tiquetage des denr\u00e9es alimentaires<\/a><\/h2><\/header><\/div><\/div>\n        <\/div>\n    <\/article><article class=\"eael-grid-post  eael-post-grid-column eael-pg-post-13703 category-certification-fr\" data-id=\"13703\">\n        <div class=\"eael-grid-post-holder\">\n            <div class=\"eael-grid-post-holder-inner\"><div class=\"eael-entry-media\"><div class=\"eael-entry-overlay none\"><i class=\"\" aria-hidden=\"true\"><\/i><a href=\"https:\/\/www.geocertification.org\/fr\/etiquetage-alimentaire-en-georgie-les-mentions-obligatoires-a-connaitre\/\"><\/a><\/div><div class=\"eael-entry-thumbnail \">\n                <img loading=\"lazy\" decoding=\"async\" width=\"1500\" height=\"900\" src=\"https:\/\/www.geocertification.org\/wp-content\/uploads\/2023\/02\/Label.jpg\" class=\"attachment-full size-full wp-image-13704\" alt=\"\" srcset=\"https:\/\/www.geocertification.org\/wp-content\/uploads\/2023\/02\/Label.jpg 1500w, https:\/\/www.geocertification.org\/wp-content\/uploads\/2023\/02\/Label-300x180.jpg 300w, https:\/\/www.geocertification.org\/wp-content\/uploads\/2023\/02\/Label-1024x614.jpg 1024w, https:\/\/www.geocertification.org\/wp-content\/uploads\/2023\/02\/Label-768x461.jpg 768w, https:\/\/www.geocertification.org\/wp-content\/uploads\/2023\/02\/Label-720x432.jpg 720w\" sizes=\"(max-width: 1500px) 100vw, 1500px\" \/>\n            <\/div>\n        <\/div><div class=\"eael-entry-wrapper\"><header class=\"eael-entry-header\"><h2 class=\"eael-entry-title\"><a class=\"eael-grid-post-link\" href=\"https:\/\/www.geocertification.org\/fr\/etiquetage-alimentaire-en-georgie-les-mentions-obligatoires-a-connaitre\/\" title=\"\u00c9tiquetage alimentaire en G\u00e9orgie : les mentions obligatoires \u00e0 conna\u00eetre\">\u00c9tiquetage alimentaire en G\u00e9orgie : les mentions obligatoires \u00e0 conna\u00eetre<\/a><\/h2><\/header><\/div><\/div>\n        <\/div>\n    <\/article><article class=\"eael-grid-post  eael-post-grid-column eael-pg-post-13720 category-certification-fr\" data-id=\"13720\">\n        <div class=\"eael-grid-post-holder\">\n            <div class=\"eael-grid-post-holder-inner\"><div class=\"eael-entry-media\"><div class=\"eael-entry-overlay none\"><i class=\"\" aria-hidden=\"true\"><\/i><a href=\"https:\/\/www.geocertification.org\/fr\/additifs-alimentaires-et-leur-role-dans-la-securite-alimentaire\/\"><\/a><\/div><div class=\"eael-entry-thumbnail \">\n                <img loading=\"lazy\" decoding=\"async\" width=\"1500\" height=\"900\" src=\"https:\/\/www.geocertification.org\/wp-content\/uploads\/2023\/02\/Food-Additives-Georgian.jpg\" class=\"attachment-full size-full wp-image-13721\" alt=\"\" srcset=\"https:\/\/www.geocertification.org\/wp-content\/uploads\/2023\/02\/Food-Additives-Georgian.jpg 1500w, https:\/\/www.geocertification.org\/wp-content\/uploads\/2023\/02\/Food-Additives-Georgian-300x180.jpg 300w, https:\/\/www.geocertification.org\/wp-content\/uploads\/2023\/02\/Food-Additives-Georgian-1024x614.jpg 1024w, https:\/\/www.geocertification.org\/wp-content\/uploads\/2023\/02\/Food-Additives-Georgian-768x461.jpg 768w, https:\/\/www.geocertification.org\/wp-content\/uploads\/2023\/02\/Food-Additives-Georgian-720x432.jpg 720w\" sizes=\"(max-width: 1500px) 100vw, 1500px\" \/>\n            <\/div>\n        <\/div><div class=\"eael-entry-wrapper\"><header class=\"eael-entry-header\"><h2 class=\"eael-entry-title\"><a class=\"eael-grid-post-link\" href=\"https:\/\/www.geocertification.org\/fr\/additifs-alimentaires-et-leur-role-dans-la-securite-alimentaire\/\" title=\"Additifs Alimentaires et Leur R\u00f4le dans la S\u00e9curit\u00e9 Alimentaire\">Additifs Alimentaires et Leur R\u00f4le dans la S\u00e9curit\u00e9 Alimentaire<\/a><\/h2><\/header><\/div><\/div>\n        <\/div>\n    <\/article><article class=\"eael-grid-post  eael-post-grid-column eael-pg-post-13710 category-certification-fr\" data-id=\"13710\">\n        <div class=\"eael-grid-post-holder\">\n            <div class=\"eael-grid-post-holder-inner\"><div class=\"eael-entry-media\"><div class=\"eael-entry-overlay none\"><i class=\"\" aria-hidden=\"true\"><\/i><a href=\"https:\/\/www.geocertification.org\/fr\/gestion-des-allergenes-une-priorite-pour-la-securite-alimentaire\/\"><\/a><\/div><div class=\"eael-entry-thumbnail \">\n                <img loading=\"lazy\" decoding=\"async\" width=\"1500\" height=\"900\" src=\"https:\/\/www.geocertification.org\/wp-content\/uploads\/2023\/02\/common-food-allergens-people.jpg\" class=\"attachment-full size-full wp-image-13711\" alt=\"\" srcset=\"https:\/\/www.geocertification.org\/wp-content\/uploads\/2023\/02\/common-food-allergens-people.jpg 1500w, https:\/\/www.geocertification.org\/wp-content\/uploads\/2023\/02\/common-food-allergens-people-300x180.jpg 300w, https:\/\/www.geocertification.org\/wp-content\/uploads\/2023\/02\/common-food-allergens-people-1024x614.jpg 1024w, https:\/\/www.geocertification.org\/wp-content\/uploads\/2023\/02\/common-food-allergens-people-768x461.jpg 768w, https:\/\/www.geocertification.org\/wp-content\/uploads\/2023\/02\/common-food-allergens-people-720x432.jpg 720w\" sizes=\"(max-width: 1500px) 100vw, 1500px\" \/>\n            <\/div>\n        <\/div><div class=\"eael-entry-wrapper\"><header class=\"eael-entry-header\"><h2 class=\"eael-entry-title\"><a class=\"eael-grid-post-link\" href=\"https:\/\/www.geocertification.org\/fr\/gestion-des-allergenes-une-priorite-pour-la-securite-alimentaire\/\" title=\"Gestion des Allerg\u00e8nes : Une Priorit\u00e9 pour la S\u00e9curit\u00e9 Alimentaire\">Gestion des Allerg\u00e8nes : Une Priorit\u00e9 pour la S\u00e9curit\u00e9 Alimentaire<\/a><\/h2><\/header><\/div><\/div>\n        <\/div>\n    <\/article><article class=\"eael-grid-post  eael-post-grid-column eael-pg-post-13695 category-certification-fr\" data-id=\"13695\">\n        <div class=\"eael-grid-post-holder\">\n            <div class=\"eael-grid-post-holder-inner\"><div class=\"eael-entry-media\"><div class=\"eael-entry-overlay none\"><i class=\"\" aria-hidden=\"true\"><\/i><a href=\"https:\/\/www.geocertification.org\/fr\/contrefacon\/\"><\/a><\/div><div class=\"eael-entry-thumbnail \">\n                <img loading=\"lazy\" decoding=\"async\" width=\"1500\" height=\"900\" src=\"https:\/\/www.geocertification.org\/wp-content\/uploads\/2023\/02\/Falsification.jpg\" class=\"attachment-full size-full wp-image-13696\" alt=\"\" srcset=\"https:\/\/www.geocertification.org\/wp-content\/uploads\/2023\/02\/Falsification.jpg 1500w, https:\/\/www.geocertification.org\/wp-content\/uploads\/2023\/02\/Falsification-300x180.jpg 300w, https:\/\/www.geocertification.org\/wp-content\/uploads\/2023\/02\/Falsification-1024x614.jpg 1024w, https:\/\/www.geocertification.org\/wp-content\/uploads\/2023\/02\/Falsification-768x461.jpg 768w, https:\/\/www.geocertification.org\/wp-content\/uploads\/2023\/02\/Falsification-720x432.jpg 720w\" sizes=\"(max-width: 1500px) 100vw, 1500px\" \/>\n            <\/div>\n        <\/div><div class=\"eael-entry-wrapper\"><header class=\"eael-entry-header\"><h2 class=\"eael-entry-title\"><a class=\"eael-grid-post-link\" href=\"https:\/\/www.geocertification.org\/fr\/contrefacon\/\" title=\"Contrefa\u00e7on\">Contrefa\u00e7on<\/a><\/h2><\/header><\/div><\/div>\n        <\/div>\n    <\/article><\/div>\n            <div class=\"clearfix\"><\/div>\n        <\/div>            <div class=\"eael-load-more-button-wrap eael-force-hide\">\n                <button class=\"eael-load-more-button\" id=\"eael-load-more-btn-fe2b4be\" data-widget-id=\"fe2b4be\" data-widget=\"fe2b4be\" data-page-id=\"12840\" data-template=\"{&quot;dir&quot;:&quot;lite&quot;,&quot;file_name&quot;:&quot;one.php&quot;,&quot;name&quot;:&quot;Post-Grid&quot;}\" data-class=\"Essential_Addons_Elementor\\Elements\\Post_Grid\" data-layout=\"grid\" data-page=\"1\" data-args=\"orderby=date&amp;order=desc&amp;ignore_sticky_posts=1&amp;post_status=publish&amp;posts_per_page=&amp;offset=0&amp;post_type=post\" data-max-page=\"9\">\n                    <span class=\"eael-btn-loader button__loader\"><\/span>\n                    <span class=\"eael_load_more_text\">Load More<\/span>\n                <\/button>\n            <\/div>\n            \t\t\t\t<\/div>\n\t\t\t\t<\/div>\n\t\t\t\t\t<\/div>\n\t\t<\/div>\n\t\t\t\t\t<\/div>\n\t\t<\/section>\n\t\t\t\t<\/div>\n\t\t","protected":false},"excerpt":{"rendered":"<p>BLOGUE Qu&#8217;est-ce que la certification ? Qu&#8217;est-ce que la normalisation ? \u00c9tiquetage relative aux colorants alimentaires \u00c9tiquetage des denr\u00e9es alimentaires Load More<\/p>\n","protected":false},"author":1,"featured_media":0,"parent":0,"menu_order":0,"comment_status":"closed","ping_status":"closed","template":"","meta":{"_monsterinsights_skip_tracking":false,"_monsterinsights_sitenote_active":false,"_monsterinsights_sitenote_note":"","_monsterinsights_sitenote_category":0,"footnotes":""},"class_list":["post-12840","page","type-page","status-publish","hentry"],"aioseo_notices":[],"_links":{"self":[{"href":"https:\/\/www.geocertification.org\/fr\/wp-json\/wp\/v2\/pages\/12840","targetHints":{"allow":["GET"]}}],"collection":[{"href":"https:\/\/www.geocertification.org\/fr\/wp-json\/wp\/v2\/pages"}],"about":[{"href":"https:\/\/www.geocertification.org\/fr\/wp-json\/wp\/v2\/types\/page"}],"author":[{"embeddable":true,"href":"https:\/\/www.geocertification.org\/fr\/wp-json\/wp\/v2\/users\/1"}],"replies":[{"embeddable":true,"href":"https:\/\/www.geocertification.org\/fr\/wp-json\/wp\/v2\/comments?post=12840"}],"version-history":[{"count":5,"href":"https:\/\/www.geocertification.org\/fr\/wp-json\/wp\/v2\/pages\/12840\/revisions"}],"predecessor-version":[{"id":12978,"href":"https:\/\/www.geocertification.org\/fr\/wp-json\/wp\/v2\/pages\/12840\/revisions\/12978"}],"wp:attachment":[{"href":"https:\/\/www.geocertification.org\/fr\/wp-json\/wp\/v2\/media?parent=12840"}],"curies":[{"name":"wp","href":"https:\/\/api.w.org\/{rel}","templated":true}]}}