{"id":12842,"date":"2023-04-05T20:39:32","date_gmt":"2023-04-05T16:39:32","guid":{"rendered":"https:\/\/www.geocertification.org\/request-a-quote\/"},"modified":"2025-03-07T04:58:02","modified_gmt":"2025-03-07T00:58:02","slug":"demander-un-devis","status":"publish","type":"page","link":"https:\/\/www.geocertification.org\/fr\/demander-un-devis\/","title":{"rendered":"Demander un devis"},"content":{"rendered":"\t\t<div data-elementor-type=\"wp-page\" data-elementor-id=\"12842\" class=\"elementor elementor-12842 elementor-8633\">\n\t\t\t\t\t\t<section class=\"elementor-section elementor-top-section elementor-element elementor-element-cc634e9 ot-traditional elementor-section-boxed elementor-section-height-default elementor-section-height-default\" data-id=\"cc634e9\" data-element_type=\"section\" data-e-type=\"section\" data-settings=\"{&quot;background_background&quot;:&quot;classic&quot;,&quot;shape_divider_top&quot;:&quot;waves&quot;,&quot;shape_divider_bottom&quot;:&quot;waves&quot;}\">\n\t\t\t\t\t<div class=\"elementor-shape elementor-shape-top\" aria-hidden=\"true\" data-negative=\"false\">\n\t\t\t<svg xmlns=\"http:\/\/www.w3.org\/2000\/svg\" viewBox=\"0 0 1000 100\" preserveAspectRatio=\"none\">\n\t<path class=\"elementor-shape-fill\" d=\"M421.9,6.5c22.6-2.5,51.5,0.4,75.5,5.3c23.6,4.9,70.9,23.5,100.5,35.7c75.8,32.2,133.7,44.5,192.6,49.7\n\tc23.6,2.1,48.7,3.5,103.4-2.5c54.7-6,106.2-25.6,106.2-25.6V0H0v30.3c0,0,72,32.6,158.4,30.5c39.2-0.7,92.8-6.7,134-22.4\n\tc21.2-8.1,52.2-18.2,79.7-24.2C399.3,7.9,411.6,7.5,421.9,6.5z\"\/>\n<\/svg>\t\t<\/div>\n\t\t\t\t<div class=\"elementor-shape elementor-shape-bottom\" aria-hidden=\"true\" data-negative=\"false\">\n\t\t\t<svg xmlns=\"http:\/\/www.w3.org\/2000\/svg\" viewBox=\"0 0 1000 100\" preserveAspectRatio=\"none\">\n\t<path class=\"elementor-shape-fill\" d=\"M421.9,6.5c22.6-2.5,51.5,0.4,75.5,5.3c23.6,4.9,70.9,23.5,100.5,35.7c75.8,32.2,133.7,44.5,192.6,49.7\n\tc23.6,2.1,48.7,3.5,103.4-2.5c54.7-6,106.2-25.6,106.2-25.6V0H0v30.3c0,0,72,32.6,158.4,30.5c39.2-0.7,92.8-6.7,134-22.4\n\tc21.2-8.1,52.2-18.2,79.7-24.2C399.3,7.9,411.6,7.5,421.9,6.5z\"\/>\n<\/svg>\t\t<\/div>\n\t\t\t\t\t<div class=\"elementor-container elementor-column-gap-default\">\n\t\t\t\t\t<div class=\"elementor-column elementor-col-100 elementor-top-column elementor-element elementor-element-c9c9a53 ot-flex-column-vertical\" data-id=\"c9c9a53\" data-element_type=\"column\" data-e-type=\"column\">\n\t\t\t<div class=\"elementor-widget-wrap elementor-element-populated\">\n\t\t\t\t\t\t<div class=\"elementor-element elementor-element-8deb1da elementor-widget elementor-widget-iheading\" data-id=\"8deb1da\" data-element_type=\"widget\" data-e-type=\"widget\" data-widget_type=\"iheading.default\">\n\t\t\t\t<div class=\"elementor-widget-container\">\n\t\t\t\t\t\t\t<div class=\"ot-heading\">\r\n\t        <h2 class=\"main-heading\">DEMANDER UN DEVIS<\/h2>\t    <\/div>\r\n\t    \t\t\t\t<\/div>\n\t\t\t\t<\/div>\n\t\t\t\t<div class=\"elementor-element elementor-element-896be19 elementor-widget elementor-widget-wpforms\" data-id=\"896be19\" data-element_type=\"widget\" data-e-type=\"widget\" data-widget_type=\"wpforms.default\">\n\t\t\t\t<div class=\"elementor-widget-container\">\n\t\t\t\t\t<div class=\"wpforms-container wpforms-container-full\" id=\"wpforms-13055\"><form id=\"wpforms-form-13055\" class=\"wpforms-validate wpforms-form wpforms-ajax-form\" data-formid=\"13055\" method=\"post\" enctype=\"multipart\/form-data\" action=\"\/fr\/wp-json\/wp\/v2\/pages\/12842?wpforms_form_id=13055\" data-token=\"a97ca886751091f1e130a25ec05e55ae\" data-token-time=\"1776271857\"><noscript class=\"wpforms-error-noscript\">Veuillez activer JavaScript dans votre navigateur pour remplir ce formulaire.<\/noscript><div class=\"wpforms-field-container\"><div id=\"wpforms-13055-field_2-container\" class=\"wpforms-field wpforms-field-name\" data-field-id=\"2\"><label class=\"wpforms-field-label\" for=\"wpforms-13055-field_2\">Votre nom et pr\u00e9nom <span class=\"wpforms-required-label\">*<\/span><\/label><div class=\"wpforms-field-row wpforms-field-large\"><div class=\"wpforms-field-row-block wpforms-first wpforms-one-half\"><input type=\"text\" id=\"wpforms-13055-field_2\" class=\"wpforms-field-name-first wpforms-field-required\" name=\"wpforms[fields][2][first]\" placeholder=\"Pr\u00e9nom\" required><label for=\"wpforms-13055-field_2\" class=\"wpforms-field-sublabel after wpforms-sublabel-hide\">First<\/label><\/div><div class=\"wpforms-field-row-block wpforms-one-half\"><input type=\"text\" id=\"wpforms-13055-field_2-last\" class=\"wpforms-field-name-last wpforms-field-required\" name=\"wpforms[fields][2][last]\" placeholder=\"Nom\" required><label for=\"wpforms-13055-field_2-last\" class=\"wpforms-field-sublabel after wpforms-sublabel-hide\">Last<\/label><\/div><\/div><\/div><div id=\"wpforms-13055-field_3-container\" class=\"wpforms-field wpforms-field-text\" data-field-id=\"3\"><label class=\"wpforms-field-label\" for=\"wpforms-13055-field_3\">Fonction <span class=\"wpforms-required-label\">*<\/span><\/label><input type=\"text\" id=\"wpforms-13055-field_3\" class=\"wpforms-field-large wpforms-field-required\" name=\"wpforms[fields][3]\" required><\/div><div id=\"wpforms-13055-field_4-container\" class=\"wpforms-field wpforms-field-email\" data-field-id=\"4\"><label class=\"wpforms-field-label\" for=\"wpforms-13055-field_4\">Courriel <span class=\"wpforms-required-label\">*<\/span><\/label><input type=\"email\" id=\"wpforms-13055-field_4\" class=\"wpforms-field-large wpforms-field-required\" name=\"wpforms[fields][4]\" spellcheck=\"false\" required><\/div><div id=\"wpforms-13055-field_5-container\" class=\"wpforms-field wpforms-field-phone\" data-field-id=\"5\"><label class=\"wpforms-field-label\" for=\"wpforms-13055-field_5\">T\u00e9l\u00e9phone  <span class=\"wpforms-required-label\">*<\/span><\/label><input type=\"tel\" id=\"wpforms-13055-field_5\" class=\"wpforms-field-large wpforms-field-required wpforms-smart-phone-field\" data-rule-smart-phone-field=\"true\" name=\"wpforms[fields][5]\" aria-label=\"T\u00e9l\u00e9phone \" required><\/div><div id=\"wpforms-13055-field_6-container\" class=\"wpforms-field wpforms-field-text\" data-field-id=\"6\"><label class=\"wpforms-field-label\" for=\"wpforms-13055-field_6\">Nom l\u00e9gal de l&#039;entreprise <span class=\"wpforms-required-label\">*<\/span><\/label><input type=\"text\" id=\"wpforms-13055-field_6\" class=\"wpforms-field-large wpforms-field-required\" name=\"wpforms[fields][6]\" required><\/div><div id=\"wpforms-13055-field_7-container\" class=\"wpforms-field wpforms-field-text\" data-field-id=\"7\"><label class=\"wpforms-field-label\" for=\"wpforms-13055-field_7\">Num\u00e9ro d&#039;identification de l&#039;entreprise <span class=\"wpforms-required-label\">*<\/span><\/label><input type=\"text\" id=\"wpforms-13055-field_7\" class=\"wpforms-field-large wpforms-field-required\" name=\"wpforms[fields][7]\" required><\/div><div id=\"wpforms-13055-field_26-container\" class=\"wpforms-field wpforms-field-url\" data-field-id=\"26\"><label class=\"wpforms-field-label\" for=\"wpforms-13055-field_26\">Site web de l&#039;entreprise<\/label><input type=\"url\" id=\"wpforms-13055-field_26\" class=\"wpforms-field-large\" name=\"wpforms[fields][26]\" ><div class=\"wpforms-field-description\">Veuillez indiquer le site web de votre entreprise.<\/div><\/div><div id=\"wpforms-13055-field_27-container\" class=\"wpforms-field wpforms-field-url\" data-field-id=\"27\"><label class=\"wpforms-field-label\" for=\"wpforms-13055-field_27\">M\u00e9dias sociaux de l&#039;entreprise<\/label><input type=\"url\" id=\"wpforms-13055-field_27\" class=\"wpforms-field-large\" name=\"wpforms[fields][27]\" ><div class=\"wpforms-field-description\">Veuillez indiquer les comptes de m\u00e9dias sociaux de votre entreprise, tels que Facebook, Linkedin, etc.<\/div><\/div><div id=\"wpforms-13055-field_9-container\" class=\"wpforms-field wpforms-field-text\" data-field-id=\"9\"><label class=\"wpforms-field-label\" for=\"wpforms-13055-field_9\">Domaine d&#039;activit\u00e9 de l&#039;entreprise <span class=\"wpforms-required-label\">*<\/span><\/label><input type=\"text\" id=\"wpforms-13055-field_9\" class=\"wpforms-field-large wpforms-field-required\" name=\"wpforms[fields][9]\" required><div class=\"wpforms-field-description\">Veuillez d\u00e9crire le domaine d'activit\u00e9 de votre entreprise.<\/div><\/div><div id=\"wpforms-13055-field_8-container\" class=\"wpforms-field wpforms-field-text\" data-field-id=\"8\"><label class=\"wpforms-field-label\" for=\"wpforms-13055-field_8\">Domaine de certification <span class=\"wpforms-required-label\">*<\/span><\/label><input type=\"text\" id=\"wpforms-13055-field_8\" class=\"wpforms-field-large wpforms-field-required\" name=\"wpforms[fields][8]\" required><div class=\"wpforms-field-description\">Veuillez d\u00e9crire le domaine d'activit\u00e9 de votre entreprise qui figurera sur le certificat.<\/div><\/div><div id=\"wpforms-13055-field_10-container\" class=\"wpforms-field wpforms-field-text\" data-field-id=\"10\"><label class=\"wpforms-field-label\" for=\"wpforms-13055-field_10\">Nombre d&#039;employ\u00e9s<\/label><input type=\"text\" id=\"wpforms-13055-field_10\" class=\"wpforms-field-large\" name=\"wpforms[fields][10]\" ><div class=\"wpforms-field-description\">Veuillez pr\u00e9ciser le nombre total de personnes employ\u00e9es par votre entreprise. Si votre entreprise conna\u00eet des variations de personnel dues \u00e0 des fluctuations saisonni\u00e8res ou \u00e0 d'autres circonstances, veuillez fournir une explication d\u00e9taillant les raisons de ces changements et pr\u00e9ciser le nombre minimum et maximum d'employ\u00e9s pendant ces p\u00e9riodes.<\/div><\/div><div id=\"wpforms-13055-field_21-container\" class=\"wpforms-field wpforms-field-radio wpforms-list-2-columns wpforms-conditional-trigger\" data-field-id=\"21\"><label class=\"wpforms-field-label\">D\u00e9tenez-vous un certificat ISO ?<\/label><ul id=\"wpforms-13055-field_21\"><li class=\"choice-1 depth-1\"><input type=\"radio\" id=\"wpforms-13055-field_21_1\" name=\"wpforms[fields][21]\" value=\"Oui\"  ><label class=\"wpforms-field-label-inline\" for=\"wpforms-13055-field_21_1\">Oui<\/label><\/li><li class=\"choice-2 depth-1\"><input type=\"radio\" id=\"wpforms-13055-field_21_2\" name=\"wpforms[fields][21]\" value=\"Non\"  ><label class=\"wpforms-field-label-inline\" for=\"wpforms-13055-field_21_2\">Non<\/label><\/li><\/ul><\/div><div id=\"wpforms-13055-field_12-container\" class=\"wpforms-field wpforms-field-text wpforms-conditional-field wpforms-conditional-show\" data-field-id=\"12\" style=\"display:none;\"><label class=\"wpforms-field-label\" for=\"wpforms-13055-field_12\">Quel(s) certificat(s) de conformit\u00e9 aux normes internationales d\u00e9tenez-vous ?<\/label><input type=\"text\" id=\"wpforms-13055-field_12\" class=\"wpforms-field-large\" name=\"wpforms[fields][12]\" ><div class=\"wpforms-field-description\">Veuillez pr\u00e9ciser le(s) certificat(s) normalis\u00e9(s) dont votre entreprise est titulaire.<\/div><\/div><div id=\"wpforms-13055-field_13-container\" class=\"wpforms-field wpforms-field-text wpforms-conditional-field wpforms-conditional-show\" data-field-id=\"13\" style=\"display:none;\"><label class=\"wpforms-field-label\" for=\"wpforms-13055-field_13\">Quelle est l&#039;ann\u00e9e d&#039;expiration de votre (vos) certificat(s) ?<\/label><input type=\"text\" id=\"wpforms-13055-field_13\" class=\"wpforms-field-large\" name=\"wpforms[fields][13]\" ><\/div><div id=\"wpforms-13055-field_20-container\" class=\"wpforms-field wpforms-field-file-upload wpforms-conditional-field wpforms-conditional-show\" data-field-id=\"20\" style=\"display:none;\"><label class=\"wpforms-field-label\" for=\"wpforms-13055-field_20\">Veuillez t\u00e9l\u00e9charger votre certificat.<\/label><div\n\t\tclass=\"wpforms-uploader \"\n\t\tdata-field-id=\"20\"\n\t\tdata-form-id=\"13055\"\n\t\tdata-input-name=\"wpforms_13055_20\"\n\t\tdata-extensions=\"jpg,jpeg,jpe,gif,png,bmp,tiff,tif,webp,avif,ico,heic,heif,heics,heifs,asf,asx,wmv,wmx,wm,avi,divx,mov,qt,mpeg,mpg,mpe,mp4,m4v,ogv,webm,mkv,3gp,3gpp,3g2,3gp2,txt,asc,c,cc,h,srt,csv,tsv,ics,rtx,css,vtt,mp3,m4a,m4b,aac,ra,ram,wav,x-wav,ogg,oga,flac,mid,midi,wma,wax,mka,rtf,pdf,class,tar,zip,gz,gzip,rar,7z,psd,xcf,doc,pot,pps,ppt,wri,xla,xls,xlt,xlw,mpp,docx,docm,dotx,dotm,xlsx,xlsm,xlsb,xltx,xltm,xlam,pptx,pptm,ppsx,ppsm,potx,potm,ppam,sldx,sldm,onetoc,onetoc2,onepkg,oxps,xps,odt,odp,ods,odg,odc,odb,odf,wp,wpd,key,numbers,pages,svg,svgz\"\n\t\tdata-max-size=\"5242880\"\n\t\tdata-max-file-number=\"1\"\n\t\tdata-post-max-size=\"536870912\"\n\t\tdata-max-parallel-uploads=\"4\"\n\t\tdata-parallel-uploads=\"true\"\n\t\tdata-file-chunk-size=\"2097152\">\n\t<div class=\"dz-message\">\n\t\t<svg  viewBox=\"0 0 640 640\" focusable=\"false\" data-icon=\"inbox\" width=\"50px\" height=\"50px\" fill=\"currentColor\" aria-hidden=\"true\">\n\t\t\t<path d=\"M352 173.3L352 384C352 401.7 337.7 416 320 416C302.3 416 288 401.7 288 384L288 173.3L246.6 214.7C234.1 227.2 213.8 227.2 201.3 214.7C188.8 202.2 188.8 181.9 201.3 169.4L297.3 73.4C309.8 60.9 330.1 60.9 342.6 73.4L438.6 169.4C451.1 181.9 451.1 202.2 438.6 214.7C426.1 227.2 405.8 227.2 393.3 214.7L352 173.3zM320 464C364.2 464 400 428.2 400 384L480 384C515.3 384 544 412.7 544 448L544 480C544 515.3 515.3 544 480 544L160 544C124.7 544 96 515.3 96 480L96 448C96 412.7 124.7 384 160 384L240 384C240 428.2 275.8 464 320 464zM464 488C477.3 488 488 477.3 488 464C488 450.7 477.3 440 464 440C450.7 440 440 450.7 440 464C440 477.3 450.7 488 464 488z\"\/>\n\t\t<\/svg>\n\n\t\t<span class=\"modern-title\">\n\t\t\t\t\t\t\tDrag &amp; Drop Files, \t\t\t\t<span>Choose Files to Upload<\/span>\n\t\t\t\t\t<\/span>\n\n\t\t\t<\/div>\n<\/div>\n\n<input\n\t\ttype=\"text\"\n\t\tautocomplete=\"off\"\n\t\treadonly\n\t\tclass=\"dropzone-input\"\n\t\tstyle=\"position:absolute!important;clip:rect(0,0,0,0)!important;height:1px!important;width:1px!important;border:0!important;overflow:hidden!important;padding:0!important;margin:0!important;\"\n\t\tid=\"wpforms-13055-field_20\"\n\t\tname=\"wpforms_13055_20\" \t\tvalue=\"\">\n<\/div><div id=\"wpforms-13055-field_15-container\" class=\"wpforms-field wpforms-field-text wpforms-conditional-field wpforms-conditional-show\" data-field-id=\"15\" style=\"display:none;\"><label class=\"wpforms-field-label\" for=\"wpforms-13055-field_15\">Veuillez indiquer l&#039;entit\u00e9 de certification responsable de la d\u00e9livrance de votre certificat.<\/label><input type=\"text\" id=\"wpforms-13055-field_15\" class=\"wpforms-field-large\" name=\"wpforms[fields][15]\" ><\/div><div id=\"wpforms-13055-field_16-container\" class=\"wpforms-field wpforms-field-text wpforms-conditional-field wpforms-conditional-show\" data-field-id=\"16\" style=\"display:none;\"><label class=\"wpforms-field-label\" for=\"wpforms-13055-field_16\">Veuillez indiquer le nom de la soci\u00e9t\u00e9 de conseil.<\/label><input type=\"text\" id=\"wpforms-13055-field_16\" class=\"wpforms-field-large\" name=\"wpforms[fields][16]\" ><div class=\"wpforms-field-description\">Veuillez indiquer le nom du consultant ou du groupe de consultants qui a particip\u00e9 \u00e0 la mise en \u0153uvre de la norme.<\/div><\/div><div id=\"wpforms-13055-field_24-container\" class=\"wpforms-field wpforms-field-checkbox wpforms-list-3-columns wpforms-conditional-trigger\" data-field-id=\"24\"><label class=\"wpforms-field-label\">Veuillez pr\u00e9ciser la (les) norme(s) qui vous int\u00e9resse(nt)<\/label><ul id=\"wpforms-13055-field_24\"><li class=\"choice-1 depth-1\"><input type=\"checkbox\" id=\"wpforms-13055-field_24_1\" name=\"wpforms[fields][24][]\" value=\"EN 13432\"  ><label class=\"wpforms-field-label-inline\" for=\"wpforms-13055-field_24_1\">EN 13432<\/label><\/li><li class=\"choice-2 depth-1\"><input type=\"checkbox\" id=\"wpforms-13055-field_24_2\" name=\"wpforms[fields][24][]\" value=\"Marquage CE\"  ><label class=\"wpforms-field-label-inline\" for=\"wpforms-13055-field_24_2\">Marquage CE<\/label><\/li><li class=\"choice-3 depth-1\"><input type=\"checkbox\" id=\"wpforms-13055-field_24_3\" name=\"wpforms[fields][24][]\" value=\"ISO 9001\"  ><label class=\"wpforms-field-label-inline\" for=\"wpforms-13055-field_24_3\">ISO 9001<\/label><\/li><li class=\"choice-4 depth-1\"><input type=\"checkbox\" id=\"wpforms-13055-field_24_4\" name=\"wpforms[fields][24][]\" value=\"ISO 14001\"  ><label class=\"wpforms-field-label-inline\" for=\"wpforms-13055-field_24_4\">ISO 14001<\/label><\/li><li class=\"choice-5 depth-1\"><input type=\"checkbox\" id=\"wpforms-13055-field_24_5\" name=\"wpforms[fields][24][]\" value=\"ISO 45001\"  ><label class=\"wpforms-field-label-inline\" for=\"wpforms-13055-field_24_5\">ISO 45001<\/label><\/li><li class=\"choice-12 depth-1\"><input type=\"checkbox\" id=\"wpforms-13055-field_24_12\" name=\"wpforms[fields][24][]\" value=\"ISO 27001\"  ><label class=\"wpforms-field-label-inline\" for=\"wpforms-13055-field_24_12\">ISO 27001<\/label><\/li><li class=\"choice-11 depth-1\"><input type=\"checkbox\" id=\"wpforms-13055-field_24_11\" name=\"wpforms[fields][24][]\" value=\"ISO 22000\"  ><label class=\"wpforms-field-label-inline\" for=\"wpforms-13055-field_24_11\">ISO 22000<\/label><\/li><li class=\"choice-10 depth-1\"><input type=\"checkbox\" id=\"wpforms-13055-field_24_10\" name=\"wpforms[fields][24][]\" value=\"ISO 50001\"  ><label class=\"wpforms-field-label-inline\" for=\"wpforms-13055-field_24_10\">ISO 50001<\/label><\/li><li class=\"choice-9 depth-1\"><input type=\"checkbox\" id=\"wpforms-13055-field_24_9\" name=\"wpforms[fields][24][]\" value=\"ISO 13485\"  ><label class=\"wpforms-field-label-inline\" for=\"wpforms-13055-field_24_9\">ISO 13485<\/label><\/li><li class=\"choice-8 depth-1\"><input type=\"checkbox\" id=\"wpforms-13055-field_24_8\" name=\"wpforms[fields][24][]\" value=\"ISO 20000-1\"  ><label class=\"wpforms-field-label-inline\" for=\"wpforms-13055-field_24_8\">ISO 20000-1<\/label><\/li><li class=\"choice-7 depth-1\"><input type=\"checkbox\" id=\"wpforms-13055-field_24_7\" name=\"wpforms[fields][24][]\" value=\"ISO 37001\"  ><label class=\"wpforms-field-label-inline\" for=\"wpforms-13055-field_24_7\">ISO 37001<\/label><\/li><li class=\"choice-6 depth-1\"><input type=\"checkbox\" id=\"wpforms-13055-field_24_6\" name=\"wpforms[fields][24][]\" value=\"Autre\"  ><label class=\"wpforms-field-label-inline\" for=\"wpforms-13055-field_24_6\">Autre<\/label><\/li><\/ul><div class=\"wpforms-field-description\">Si la norme souhait\u00e9e ne figure pas dans la liste, veuillez l'indiquer dans le champ \u00ab Autre \u00bb.<\/div><\/div><div id=\"wpforms-13055-field_25-container\" class=\"wpforms-field wpforms-field-text wpforms-conditional-field wpforms-conditional-show\" data-field-id=\"25\" style=\"display:none;\"><label class=\"wpforms-field-label\" for=\"wpforms-13055-field_25\">Veuillez pr\u00e9ciser la ou les normes qui vous int\u00e9ressent.<\/label><input type=\"text\" id=\"wpforms-13055-field_25\" class=\"wpforms-field-large\" name=\"wpforms[fields][25]\" ><\/div><div id=\"wpforms-13055-field_19-container\" class=\"wpforms-field wpforms-field-textarea\" data-field-id=\"19\"><label class=\"wpforms-field-label\" for=\"wpforms-13055-field_19\">Coordonn\u00e9es \/ informations compl\u00e9mentaires<\/label><textarea id=\"wpforms-13055-field_19\" class=\"wpforms-field-medium\" name=\"wpforms[fields][19]\" ><\/textarea><div class=\"wpforms-field-description\">N'h\u00e9sitez pas \u00e0 nous fournir des informations compl\u00e9mentaires sur votre entreprise ou \u00e0 nous poser des questions.<\/div><\/div><\/div><!-- .wpforms-field-container --><div class=\"wpforms-submit-container\" ><input type=\"hidden\" name=\"wpforms[id]\" value=\"13055\"><input type=\"hidden\" name=\"page_title\" value=\"\"><input type=\"hidden\" name=\"page_url\" value=\"https:\/\/www.geocertification.org\/fr\/wp-json\/wp\/v2\/pages\/12842\"><input type=\"hidden\" name=\"url_referer\" value=\"\"><button type=\"submit\" name=\"wpforms[submit]\" id=\"wpforms-submit-13055\" class=\"wpforms-submit\" data-alt-text=\"Envoi...\" data-submit-text=\"Envoyer\" aria-live=\"assertive\" value=\"wpforms-submit\">Envoyer<\/button><img decoding=\"async\" src=\"https:\/\/www.geocertification.org\/wp-content\/plugins\/wpforms\/assets\/images\/submit-spin.svg\" class=\"wpforms-submit-spinner\" style=\"display: none;\" width=\"26\" height=\"26\" alt=\"Chargement en cours\"><\/div><\/form><\/div>  <!-- .wpforms-container -->\t\t\t\t<\/div>\n\t\t\t\t<\/div>\n\t\t\t\t\t<\/div>\n\t\t<\/div>\n\t\t\t\t\t<\/div>\n\t\t<\/section>\n\t\t\t\t<\/div>\n\t\t","protected":false},"excerpt":{"rendered":"<p>DEMANDER UN DEVIS Please enable JavaScript in your browser to complete this form.Your Name and Surname *FirstLastPosition *Email *Phone * Company&#039;s legal name *Company&#039;s Identification Number *Company&#039;s WebsiteKindly indicate your company&#8217;s website.Company&#039;s Social MediaKindly indicate your company&#8217;s social media accounts, such as Facebook, Linkedin, etc.Company&#039;s field of work *Kindly describe your company&#8217;s field of work.Certification [&hellip;]<\/p>\n","protected":false},"author":1,"featured_media":0,"parent":0,"menu_order":0,"comment_status":"closed","ping_status":"closed","template":"","meta":{"_monsterinsights_skip_tracking":false,"_monsterinsights_sitenote_active":false,"_monsterinsights_sitenote_note":"","_monsterinsights_sitenote_category":0,"footnotes":""},"class_list":["post-12842","page","type-page","status-publish","hentry"],"aioseo_notices":[],"_links":{"self":[{"href":"https:\/\/www.geocertification.org\/fr\/wp-json\/wp\/v2\/pages\/12842","targetHints":{"allow":["GET"]}}],"collection":[{"href":"https:\/\/www.geocertification.org\/fr\/wp-json\/wp\/v2\/pages"}],"about":[{"href":"https:\/\/www.geocertification.org\/fr\/wp-json\/wp\/v2\/types\/page"}],"author":[{"embeddable":true,"href":"https:\/\/www.geocertification.org\/fr\/wp-json\/wp\/v2\/users\/1"}],"replies":[{"embeddable":true,"href":"https:\/\/www.geocertification.org\/fr\/wp-json\/wp\/v2\/comments?post=12842"}],"version-history":[{"count":7,"href":"https:\/\/www.geocertification.org\/fr\/wp-json\/wp\/v2\/pages\/12842\/revisions"}],"predecessor-version":[{"id":13060,"href":"https:\/\/www.geocertification.org\/fr\/wp-json\/wp\/v2\/pages\/12842\/revisions\/13060"}],"wp:attachment":[{"href":"https:\/\/www.geocertification.org\/fr\/wp-json\/wp\/v2\/media?parent=12842"}],"curies":[{"name":"wp","href":"https:\/\/api.w.org\/{rel}","templated":true}]}}