{"id":12908,"date":"2023-04-05T21:23:49","date_gmt":"2023-04-05T17:23:49","guid":{"rendered":"https:\/\/www.geocertification.org\/about-us\/"},"modified":"2025-09-22T04:50:04","modified_gmt":"2025-09-22T00:50:04","slug":"a-propos","status":"publish","type":"page","link":"https:\/\/www.geocertification.org\/fr\/a-propos\/","title":{"rendered":"\u00c0 propos"},"content":{"rendered":"\t\t<div data-elementor-type=\"wp-page\" data-elementor-id=\"12908\" class=\"elementor elementor-12908 elementor-8669\">\n\t\t\t\t\t\t<section class=\"elementor-section elementor-top-section elementor-element elementor-element-dd379ee elementor-section-content-middle ot-traditional elementor-section-boxed elementor-section-height-default elementor-section-height-default\" data-id=\"dd379ee\" data-element_type=\"section\" data-e-type=\"section\" data-settings=\"{&quot;background_background&quot;:&quot;classic&quot;,&quot;shape_divider_top&quot;:&quot;waves&quot;,&quot;shape_divider_bottom&quot;:&quot;waves&quot;}\">\n\t\t\t\t\t<div class=\"elementor-shape elementor-shape-top\" aria-hidden=\"true\" data-negative=\"false\">\n\t\t\t<svg xmlns=\"http:\/\/www.w3.org\/2000\/svg\" viewBox=\"0 0 1000 100\" preserveAspectRatio=\"none\">\n\t<path class=\"elementor-shape-fill\" d=\"M421.9,6.5c22.6-2.5,51.5,0.4,75.5,5.3c23.6,4.9,70.9,23.5,100.5,35.7c75.8,32.2,133.7,44.5,192.6,49.7\n\tc23.6,2.1,48.7,3.5,103.4-2.5c54.7-6,106.2-25.6,106.2-25.6V0H0v30.3c0,0,72,32.6,158.4,30.5c39.2-0.7,92.8-6.7,134-22.4\n\tc21.2-8.1,52.2-18.2,79.7-24.2C399.3,7.9,411.6,7.5,421.9,6.5z\"\/>\n<\/svg>\t\t<\/div>\n\t\t\t\t<div class=\"elementor-shape elementor-shape-bottom\" aria-hidden=\"true\" data-negative=\"false\">\n\t\t\t<svg xmlns=\"http:\/\/www.w3.org\/2000\/svg\" viewBox=\"0 0 1000 100\" preserveAspectRatio=\"none\">\n\t<path class=\"elementor-shape-fill\" d=\"M421.9,6.5c22.6-2.5,51.5,0.4,75.5,5.3c23.6,4.9,70.9,23.5,100.5,35.7c75.8,32.2,133.7,44.5,192.6,49.7\n\tc23.6,2.1,48.7,3.5,103.4-2.5c54.7-6,106.2-25.6,106.2-25.6V0H0v30.3c0,0,72,32.6,158.4,30.5c39.2-0.7,92.8-6.7,134-22.4\n\tc21.2-8.1,52.2-18.2,79.7-24.2C399.3,7.9,411.6,7.5,421.9,6.5z\"\/>\n<\/svg>\t\t<\/div>\n\t\t\t\t\t<div class=\"elementor-container elementor-column-gap-extended\">\n\t\t\t\t\t<div class=\"elementor-column elementor-col-50 elementor-top-column elementor-element elementor-element-af77399 ot-flex-column-vertical\" data-id=\"af77399\" data-element_type=\"column\" data-e-type=\"column\">\n\t\t\t<div class=\"elementor-widget-wrap elementor-element-populated\">\n\t\t\t\t\t\t<div class=\"elementor-element elementor-element-3cc2881 elementor-widget elementor-widget-iheading\" data-id=\"3cc2881\" data-element_type=\"widget\" data-e-type=\"widget\" data-widget_type=\"iheading.default\">\n\t\t\t\t<div class=\"elementor-widget-container\">\n\t\t\t\t\t\t\t<div class=\"ot-heading\">\r\n\t        \t            <span>\u00c0 PROPOS<\/span>\r\n\t        <h4 class=\"main-heading\">L\u2019ORGANISATION G\u00c9ORGIENNE DE CERTIFICATION<\/h4>\t    <\/div>\r\n\t    \t\t\t\t<\/div>\n\t\t\t\t<\/div>\n\t\t\t\t<div class=\"elementor-element elementor-element-117c23c elementor-widget elementor-widget-text-editor\" data-id=\"117c23c\" data-element_type=\"widget\" data-e-type=\"widget\" data-widget_type=\"text-editor.default\">\n\t\t\t\t<div class=\"elementor-widget-container\">\n\t\t\t\t\t\t\t\t\t<p>L\u2019Organisation g\u00e9orgienne de certification (OGC) est une soci\u00e9t\u00e9 de conseil priv\u00e9e sp\u00e9cialis\u00e9e dans la fourniture de services professionnels dans le domaine de la certification des normes internationales (ISO).<\/p><p><em class=\"text-dark\"><strong>Les activit\u00e9s de l\u2019OGC sont conformes \u00e0 la l\u00e9gislation de la G\u00e9orgie et respectent les exigences d\u00e9finies par l\u2019Organisation internationale de normalisation (ISO).<\/strong><\/em><\/p>\t\t\t\t\t\t\t\t<\/div>\n\t\t\t\t<\/div>\n\t\t\t\t<div class=\"elementor-element elementor-element-c0a7a21 elementor-widget elementor-widget-ivideopopup\" data-id=\"c0a7a21\" data-element_type=\"widget\" data-e-type=\"widget\" data-widget_type=\"ivideopopup.default\">\n\t\t\t\t<div class=\"elementor-widget-container\">\n\t\t\t\t\t\t\t<div class=\"video-popup\">\r\n\t\t\t<div class=\"btn-inner\">\r\n\t\t        <a class=\"btn-play\" href=\"https:\/\/www.youtube.com\/watch?v=rJvYQyV2abs\">\r\n\t\t        \t<i class=\"flaticon-play\"><\/i>\r\n\t\t        \t\t\t        \t<span class=\"circle-1\"><\/span>\r\n\t\t\t\t\t<span class=\"circle-2\"><\/span>\r\n\t\t\t\t\t\t\t        <\/a>\r\n\t        <\/div>\r\n\t        <span> CLIQUER POUR VISIONNER<\/span>\t    <\/div>\r\n\t    \t\t\t\t<\/div>\n\t\t\t\t<\/div>\n\t\t\t\t\t<\/div>\n\t\t<\/div>\n\t\t\t\t<div class=\"elementor-column elementor-col-50 elementor-top-column elementor-element elementor-element-301ec93 ot-column-items-center elementor-hidden-mobile ot-flex-column-vertical\" data-id=\"301ec93\" data-element_type=\"column\" data-e-type=\"column\" data-settings=\"{&quot;background_background&quot;:&quot;classic&quot;}\">\n\t\t\t<div class=\"elementor-widget-wrap elementor-element-populated\">\n\t\t\t\t\t\t<div class=\"elementor-element elementor-element-0d2fab6 elementor-widget elementor-widget-icontact_info\" data-id=\"0d2fab6\" data-element_type=\"widget\" data-e-type=\"widget\" data-widget_type=\"icontact_info.default\">\n\t\t\t\t<div class=\"elementor-widget-container\">\n\t\t\t\t\t\t\t\t\t\t\t\t<div class=\"contact-info box-style2\">\r\n\t\t\t\t\t<div class=\"box-icon\">\r\n\t\t\t\t\t\t\t\t\t    \t\t\t\t        \t\t<i class=\"flaticon-world-globe\"><\/i>\t\t\t\t\t<\/div>\r\n\t\t        \t<p>5 rue Nikoladze, Tbilissi, 0179 G\u00e9orgie<\/p>\r\n\t\t        \t<h6>adresse<\/h6>\t\t\t        \t\t\t\t        \r\n\t\t\t    <\/div>\r\n\t\t    \t    \t\t\t\t<\/div>\n\t\t\t\t<\/div>\n\t\t\t\t<div class=\"elementor-element elementor-element-d38ae9d elementor-widget elementor-widget-icontact_info\" data-id=\"d38ae9d\" data-element_type=\"widget\" data-e-type=\"widget\" data-widget_type=\"icontact_info.default\">\n\t\t\t\t<div class=\"elementor-widget-container\">\n\t\t\t\t\t\t\t\t\t\t\t\t<div class=\"contact-info box-style2\">\r\n\t\t\t\t\t<div class=\"box-icon\">\r\n\t\t\t\t\t\t\t\t\t    \t\t\t\t        \t\t<i class=\"flaticon-envelope\"><\/i>\t\t\t\t\t<\/div>\r\n\t\t        \t<p>info@geocertification.org<\/p>\r\n\t\t        \t<h6>courriel<\/h6>\t\t\t        \t\t\t\t        \r\n\t\t\t    <\/div>\r\n\t\t    \t    \t\t\t\t<\/div>\n\t\t\t\t<\/div>\n\t\t\t\t<div class=\"elementor-element elementor-element-42809d3 elementor-widget elementor-widget-icontact_info\" data-id=\"42809d3\" data-element_type=\"widget\" data-e-type=\"widget\" data-widget_type=\"icontact_info.default\">\n\t\t\t\t<div class=\"elementor-widget-container\">\n\t\t\t\t\t\t\t\t\t\t\t\t<div class=\"contact-info box-style2\">\r\n\t\t\t\t\t<div class=\"box-icon\">\r\n\t\t\t\t\t\t\t\t\t    \t\t\t\t        \t\t<i class=\"flaticon-phone-1\"><\/i>\t\t\t\t\t<\/div>\r\n\t\t        \t<p>+995 568 006 007<\/p>\r\n\t\t        \t<h6>t\u00e9l\u00e9phone<\/h6>\t\t\t        \t\t\t\t        \r\n\t\t\t    <\/div>\r\n\t\t    \t    \t\t\t\t<\/div>\n\t\t\t\t<\/div>\n\t\t\t\t\t<\/div>\n\t\t<\/div>\n\t\t\t\t\t<\/div>\n\t\t<\/section>\n\t\t\t\t<section class=\"elementor-section elementor-top-section elementor-element elementor-element-8769a67 ot-traditional elementor-section-boxed elementor-section-height-default elementor-section-height-default\" data-id=\"8769a67\" data-element_type=\"section\" data-e-type=\"section\" data-settings=\"{&quot;background_background&quot;:&quot;classic&quot;}\">\n\t\t\t\t\t\t<div class=\"elementor-container elementor-column-gap-default\">\n\t\t\t\t\t<div class=\"elementor-column elementor-col-100 elementor-top-column elementor-element elementor-element-ed6f916 ot-flex-column-vertical\" data-id=\"ed6f916\" data-element_type=\"column\" data-e-type=\"column\">\n\t\t\t<div class=\"elementor-widget-wrap elementor-element-populated\">\n\t\t\t\t\t\t<div class=\"elementor-element elementor-element-672ffc5 elementor-widget elementor-widget-heading\" data-id=\"672ffc5\" data-element_type=\"widget\" data-e-type=\"widget\" data-widget_type=\"heading.default\">\n\t\t\t\t<div class=\"elementor-widget-container\">\n\t\t\t\t\t<h4 class=\"elementor-heading-title elementor-size-default\">D\u00c9CLARATION DE MISSION<\/h4>\t\t\t\t<\/div>\n\t\t\t\t<\/div>\n\t\t\t\t<div class=\"elementor-element elementor-element-4ace738 elementor-widget elementor-widget-text-editor\" data-id=\"4ace738\" data-element_type=\"widget\" data-e-type=\"widget\" data-widget_type=\"text-editor.default\">\n\t\t\t\t<div class=\"elementor-widget-container\">\n\t\t\t\t\t\t\t\t\t<p>La mission de l\u2019Organisation g\u00e9orgienne de certification est de doter les entreprises des moyens n\u00e9cessaires pour se d\u00e9velopper, en leur offrant des services de conseil personnalis\u00e9s et complets dans le domaine de la certification des normes internationales. Nous nous engageons \u00e0 soutenir nos clients dans l\u2019atteinte de l\u2019excellence, le renforcement de leur avantage concurrentiel et la promotion d\u2019une croissance durable par l\u2019impl\u00e9mentation et la certification des normes ISO.<\/p><p>Notre \u00e9quipe de professionnels hautement qualifi\u00e9s et exp\u00e9riment\u00e9s dispose d\u2019une expertise approfondie dans divers secteurs, nous permettant de fournir des solutions innovantes et adapt\u00e9es aux besoins sp\u00e9cifiques de chaque organisation. Nous nous engageons \u00e0 \u00e9tablir des partenariats \u00e0 long terme avec nos clients, en collaborant \u00e9troitement pour comprendre leurs objectifs, leurs d\u00e9fis et leurs opportunit\u00e9s.<\/p><p>Dans le cadre de notre approche collaborative, nous guidons les entreprises tout au long du processus de certification ISO, en leur offrant des conseils strat\u00e9giques, une am\u00e9lioration continue des processus et une expertise technique. Nous accompagnons le d\u00e9veloppement, la mise en \u0153uvre et l\u2019optimisation des syst\u00e8mes de gestion conformes aux normes internationales reconnues, telles que l\u2019ISO 9001 (gestion de la qualit\u00e9), l\u2019ISO 14001 (gestion environnementale), l\u2019ISO 27001 (gestion de la s\u00e9curit\u00e9 de l\u2019information), et bien d\u2019autres.<\/p><p>\u00c0 l\u2019Organisation g\u00e9orgienne de certification, nous adh\u00e9rons aux standards les plus stricts en mati\u00e8re de professionnalisme, d\u2019int\u00e9grit\u00e9 et d\u2019\u00e9thique. Nous nous engageons \u00e0 offrir une valeur exceptionnelle \u00e0 nos clients, en leur fournissant des solutions pragmatiques, en cultivant une culture d\u2019am\u00e9lioration continue et en restant \u00e0 l\u2019avant-garde des \u00e9volutions des normes internationales.<\/p><p>Notre objectif est d\u2019aider les organisations \u00e0 lib\u00e9rer leur potentiel, \u00e0 am\u00e9liorer la satisfaction de leurs clients, \u00e0 optimiser leurs op\u00e9rations, \u00e0 r\u00e9duire les risques et \u00e0 garantir un succ\u00e8s durable. Ensemble, nous \u0153uvrons \u00e0 construire un avenir o\u00f9 les entreprises prosp\u00e8rent, les communaut\u00e9s se d\u00e9veloppent et les standards mondiaux d\u2019excellence sont respect\u00e9s.<\/p>\t\t\t\t\t\t\t\t<\/div>\n\t\t\t\t<\/div>\n\t\t\t\t\t<\/div>\n\t\t<\/div>\n\t\t\t\t\t<\/div>\n\t\t<\/section>\n\t\t\t\t<section class=\"elementor-section elementor-top-section elementor-element elementor-element-945df23 elementor-section-content-middle ot-layout_block elementor-section-stretched elementor-section-boxed elementor-section-height-default elementor-section-height-default\" data-id=\"945df23\" data-element_type=\"section\" data-e-type=\"section\" data-settings=\"{&quot;background_background&quot;:&quot;classic&quot;,&quot;stretch_section&quot;:&quot;section-stretched&quot;}\">\n\t\t\t\t\t\t<div class=\"elementor-container elementor-column-gap-default\">\n\t\t\t\t\t<div class=\"elementor-column elementor-col-100 elementor-top-column elementor-element elementor-element-d1c03f9 ot-flex-column-vertical\" data-id=\"d1c03f9\" data-element_type=\"column\" data-e-type=\"column\">\n\t\t\t<div class=\"elementor-widget-wrap elementor-element-populated\">\n\t\t\t\t\t\t<section class=\"elementor-section elementor-inner-section elementor-element elementor-element-5d24ba3 ot-layout_block elementor-section-boxed elementor-section-height-default elementor-section-height-default\" data-id=\"5d24ba3\" data-element_type=\"section\" data-e-type=\"section\">\n\t\t\t\t\t\t<div class=\"elementor-container elementor-column-gap-no\">\n\t\t\t\t\t<div class=\"elementor-column elementor-col-100 elementor-inner-column elementor-element elementor-element-e9ccd8c ot-flex-column-vertical\" data-id=\"e9ccd8c\" data-element_type=\"column\" data-e-type=\"column\">\n\t\t\t<div class=\"elementor-widget-wrap elementor-element-populated\">\n\t\t\t\t\t\t<div class=\"elementor-element elementor-element-86e8874 eael-dual-header-content-align-center elementor-widget elementor-widget-eael-dual-color-header\" data-id=\"86e8874\" data-element_type=\"widget\" data-e-type=\"widget\" data-widget_type=\"eael-dual-color-header.default\">\n\t\t\t\t<div class=\"elementor-widget-container\">\n\t\t\t\t\t\t\t\t<div class=\"eael-dual-header\">\n\t\t\t\t<h2 class=\"title eael-dch-title\"><span class=\"eael-dch-title-text eael-dch-title-lead lead solid-color\">SERVICES PROFESSIONNELS<\/span> <span class=\"eael-dch-title-text\">OFFERTS PAR L\u2019OGC <\/span><\/h2>\t\t\t\t\t<span class=\"subtext\"><p>Nous offrons des conseils d\u2019experts et une assistance aux organisations qui cherchent \u00e0 mettre en \u0153uvre et \u00e0 maintenir les normes ISO<\/p><\/span>\n\t\t\t\t\t\t\t\t\t<span class=\"eael-dch-svg-icon\"><\/span>\t\t\t\t\t\t\t<\/div>\n\n\t\t\t\t\t\t<\/div>\n\t\t\t\t<\/div>\n\t\t\t\t\t<\/div>\n\t\t<\/div>\n\t\t\t\t\t<\/div>\n\t\t<\/section>\n\t\t\t\t<section class=\"elementor-section elementor-inner-section elementor-element elementor-element-450d5d3 ot-layout_block elementor-section-full_width elementor-section-height-default elementor-section-height-default\" data-id=\"450d5d3\" data-element_type=\"section\" data-e-type=\"section\">\n\t\t\t\t\t\t<div class=\"elementor-container elementor-column-gap-no\">\n\t\t\t\t\t<div class=\"elementor-column elementor-col-50 elementor-inner-column elementor-element elementor-element-f10584a ot-flex-column-vertical\" data-id=\"f10584a\" data-element_type=\"column\" data-e-type=\"column\">\n\t\t\t<div class=\"elementor-widget-wrap elementor-element-populated\">\n\t\t\t\t\t\t<div class=\"elementor-element elementor-element-7cbebd9 elementor-widget elementor-widget-ot-image-box-2\" data-id=\"7cbebd9\" data-element_type=\"widget\" data-e-type=\"widget\" data-widget_type=\"ot-image-box-2.default\">\n\t\t\t\t<div class=\"elementor-widget-container\">\n\t\t\t\t\t\t\t<div class=\"ot-image-box basic\">\r\n\t\t\t\t\t\t<div class=\"ot-image-box__image\">\r\n\t\t\t\t<img fetchpriority=\"high\" decoding=\"async\" width=\"1183\" height=\"787\" src=\"https:\/\/www.geocertification.org\/wp-content\/uploads\/2023\/08\/ISO-Consulting.jpg\" class=\"attachment-full size-full wp-image-11852\" alt=\"\" srcset=\"https:\/\/www.geocertification.org\/wp-content\/uploads\/2023\/08\/ISO-Consulting.jpg 1183w, https:\/\/www.geocertification.org\/wp-content\/uploads\/2023\/08\/ISO-Consulting-300x200.jpg 300w, https:\/\/www.geocertification.org\/wp-content\/uploads\/2023\/08\/ISO-Consulting-1024x681.jpg 1024w, https:\/\/www.geocertification.org\/wp-content\/uploads\/2023\/08\/ISO-Consulting-768x511.jpg 768w, https:\/\/www.geocertification.org\/wp-content\/uploads\/2023\/08\/ISO-Consulting-720x479.jpg 720w\" sizes=\"(max-width: 1183px) 100vw, 1183px\" \/>\t        <\/div>\r\n\t        \t        <div class=\"ot-image-box__content\">\r\n\t        \t<h4 class=\"image-box-title\"><a href=\"https:\/\/www.geocertification.org\/fr\/consultation-iso\/\">CONSULTATION ISO<\/a><\/h4>\t\t\t\t\t\t\t\t\t\t\t<\/div>\r\n\t    <\/div>\r\n\t    \t\t\t\t<\/div>\n\t\t\t\t<\/div>\n\t\t\t\t<div class=\"elementor-element elementor-element-491bd38 elementor-widget elementor-widget-ot-image-box-2\" data-id=\"491bd38\" data-element_type=\"widget\" data-e-type=\"widget\" data-widget_type=\"ot-image-box-2.default\">\n\t\t\t\t<div class=\"elementor-widget-container\">\n\t\t\t\t\t\t\t<div class=\"ot-image-box basic\">\r\n\t\t\t\t\t\t<div class=\"ot-image-box__image\">\r\n\t\t\t\t<img decoding=\"async\" width=\"1183\" height=\"787\" src=\"https:\/\/www.geocertification.org\/wp-content\/uploads\/2023\/08\/ISO-Certification.jpg\" class=\"attachment-full size-full wp-image-11859\" alt=\"ISO Certification\" srcset=\"https:\/\/www.geocertification.org\/wp-content\/uploads\/2023\/08\/ISO-Certification.jpg 1183w, https:\/\/www.geocertification.org\/wp-content\/uploads\/2023\/08\/ISO-Certification-300x200.jpg 300w, https:\/\/www.geocertification.org\/wp-content\/uploads\/2023\/08\/ISO-Certification-1024x681.jpg 1024w, https:\/\/www.geocertification.org\/wp-content\/uploads\/2023\/08\/ISO-Certification-768x511.jpg 768w, https:\/\/www.geocertification.org\/wp-content\/uploads\/2023\/08\/ISO-Certification-720x479.jpg 720w\" sizes=\"(max-width: 1183px) 100vw, 1183px\" \/>\t        <\/div>\r\n\t        \t        <div class=\"ot-image-box__content\">\r\n\t        \t<h4 class=\"image-box-title\"><a href=\"https:\/\/www.geocertification.org\/fr\/certification-iso\/\">CERTIFICATION ISO<\/a><\/h4>\t\t\t\t\t\t\t\t\t\t\t<\/div>\r\n\t    <\/div>\r\n\t    \t\t\t\t<\/div>\n\t\t\t\t<\/div>\n\t\t\t\t\t<\/div>\n\t\t<\/div>\n\t\t\t\t<div class=\"elementor-column elementor-col-50 elementor-inner-column elementor-element elementor-element-5e51ead ot-flex-column-vertical\" data-id=\"5e51ead\" data-element_type=\"column\" data-e-type=\"column\">\n\t\t\t<div class=\"elementor-widget-wrap elementor-element-populated\">\n\t\t\t\t\t\t<div class=\"elementor-element elementor-element-73f2c6c elementor-widget elementor-widget-ot-image-box-2\" data-id=\"73f2c6c\" data-element_type=\"widget\" data-e-type=\"widget\" data-widget_type=\"ot-image-box-2.default\">\n\t\t\t\t<div class=\"elementor-widget-container\">\n\t\t\t\t\t\t\t<div class=\"ot-image-box basic\">\r\n\t\t\t\t\t\t<div class=\"ot-image-box__image\">\r\n\t\t\t\t<img decoding=\"async\" width=\"1183\" height=\"787\" src=\"https:\/\/www.geocertification.org\/wp-content\/uploads\/2023\/08\/ISO-Training.jpg\" class=\"attachment-full size-full wp-image-11854\" alt=\"\" srcset=\"https:\/\/www.geocertification.org\/wp-content\/uploads\/2023\/08\/ISO-Training.jpg 1183w, https:\/\/www.geocertification.org\/wp-content\/uploads\/2023\/08\/ISO-Training-300x200.jpg 300w, https:\/\/www.geocertification.org\/wp-content\/uploads\/2023\/08\/ISO-Training-1024x681.jpg 1024w, https:\/\/www.geocertification.org\/wp-content\/uploads\/2023\/08\/ISO-Training-768x511.jpg 768w, https:\/\/www.geocertification.org\/wp-content\/uploads\/2023\/08\/ISO-Training-720x479.jpg 720w\" sizes=\"(max-width: 1183px) 100vw, 1183px\" \/>\t        <\/div>\r\n\t        \t        <div class=\"ot-image-box__content\">\r\n\t        \t<h4 class=\"image-box-title\"><a href=\"https:\/\/www.geocertification.org\/fr\/formation-iso\/\">FORMATION ISO<\/a><\/h4>\t\t\t\t\t\t\t\t\t\t\t<\/div>\r\n\t    <\/div>\r\n\t    \t\t\t\t<\/div>\n\t\t\t\t<\/div>\n\t\t\t\t<div class=\"elementor-element elementor-element-42df3cd elementor-widget elementor-widget-ot-image-box-2\" data-id=\"42df3cd\" data-element_type=\"widget\" data-e-type=\"widget\" data-widget_type=\"ot-image-box-2.default\">\n\t\t\t\t<div class=\"elementor-widget-container\">\n\t\t\t\t\t\t\t<div class=\"ot-image-box basic\">\r\n\t\t\t\t\t\t<div class=\"ot-image-box__image\">\r\n\t\t\t\t<img loading=\"lazy\" decoding=\"async\" width=\"1183\" height=\"787\" src=\"https:\/\/www.geocertification.org\/wp-content\/uploads\/2023\/08\/ISO-Certificate-Transfer.jpg\" class=\"attachment-full size-full wp-image-11850\" alt=\"\" srcset=\"https:\/\/www.geocertification.org\/wp-content\/uploads\/2023\/08\/ISO-Certificate-Transfer.jpg 1183w, https:\/\/www.geocertification.org\/wp-content\/uploads\/2023\/08\/ISO-Certificate-Transfer-300x200.jpg 300w, https:\/\/www.geocertification.org\/wp-content\/uploads\/2023\/08\/ISO-Certificate-Transfer-1024x681.jpg 1024w, https:\/\/www.geocertification.org\/wp-content\/uploads\/2023\/08\/ISO-Certificate-Transfer-768x511.jpg 768w, https:\/\/www.geocertification.org\/wp-content\/uploads\/2023\/08\/ISO-Certificate-Transfer-720x479.jpg 720w\" sizes=\"(max-width: 1183px) 100vw, 1183px\" \/>\t        <\/div>\r\n\t        \t        <div class=\"ot-image-box__content\">\r\n\t        \t<h4 class=\"image-box-title\"><a href=\"https:\/\/www.geocertification.org\/fr\/\/transfert-de-certificat-iso\/\">TRANSFERT DE CERTIFICAT ISO<\/a><\/h4>\t\t\t\t\t\t\t\t\t\t\t<\/div>\r\n\t    <\/div>\r\n\t    \t\t\t\t<\/div>\n\t\t\t\t<\/div>\n\t\t\t\t\t<\/div>\n\t\t<\/div>\n\t\t\t\t\t<\/div>\n\t\t<\/section>\n\t\t\t\t\t<\/div>\n\t\t<\/div>\n\t\t\t\t\t<\/div>\n\t\t<\/section>\n\t\t\t\t<\/div>\n\t\t","protected":false},"excerpt":{"rendered":"<p>\u00c0 PROPOS L\u2019ORGANISATION G\u00c9ORGIENNE DE CERTIFICATION L\u2019Organisation g\u00e9orgienne de certification (OGC) est une soci\u00e9t\u00e9 de conseil priv\u00e9e sp\u00e9cialis\u00e9e dans la fourniture de services professionnels dans le domaine de la certification des normes internationales (ISO). Les activit\u00e9s de l\u2019OGC sont conformes \u00e0 la l\u00e9gislation de la G\u00e9orgie et respectent les exigences d\u00e9finies par l\u2019Organisation internationale de [&hellip;]<\/p>\n","protected":false},"author":1,"featured_media":0,"parent":0,"menu_order":0,"comment_status":"closed","ping_status":"closed","template":"","meta":{"_monsterinsights_skip_tracking":false,"_monsterinsights_sitenote_active":false,"_monsterinsights_sitenote_note":"","_monsterinsights_sitenote_category":0,"footnotes":""},"class_list":["post-12908","page","type-page","status-publish","hentry"],"aioseo_notices":[],"_links":{"self":[{"href":"https:\/\/www.geocertification.org\/fr\/wp-json\/wp\/v2\/pages\/12908","targetHints":{"allow":["GET"]}}],"collection":[{"href":"https:\/\/www.geocertification.org\/fr\/wp-json\/wp\/v2\/pages"}],"about":[{"href":"https:\/\/www.geocertification.org\/fr\/wp-json\/wp\/v2\/types\/page"}],"author":[{"embeddable":true,"href":"https:\/\/www.geocertification.org\/fr\/wp-json\/wp\/v2\/users\/1"}],"replies":[{"embeddable":true,"href":"https:\/\/www.geocertification.org\/fr\/wp-json\/wp\/v2\/comments?post=12908"}],"version-history":[{"count":44,"href":"https:\/\/www.geocertification.org\/fr\/wp-json\/wp\/v2\/pages\/12908\/revisions"}],"predecessor-version":[{"id":15359,"href":"https:\/\/www.geocertification.org\/fr\/wp-json\/wp\/v2\/pages\/12908\/revisions\/15359"}],"wp:attachment":[{"href":"https:\/\/www.geocertification.org\/fr\/wp-json\/wp\/v2\/media?parent=12908"}],"curies":[{"name":"wp","href":"https:\/\/api.w.org\/{rel}","templated":true}]}}